{"id":460,"date":"2024-02-10T18:07:59","date_gmt":"2024-02-10T18:07:59","guid":{"rendered":"https:\/\/dev.itapellet.it\/?page_id=460"},"modified":"2024-06-28T10:44:03","modified_gmt":"2024-06-28T10:44:03","slug":"logistica","status":"publish","type":"page","link":"https:\/\/www.itapellet.it\/index.php\/logistica\/","title":{"rendered":"Logistica"},"content":{"rendered":"\n<p>Desideriamo mettere in evidenza i principi fondamentali che guidano la logistica del nostro pellet: <strong>precisione, seriet\u00e0 e un impegno intransigente per la sicurezza.<\/strong><\/p>\n\n\n\n<p>La precisione \u00e8 al centro di ogni fase del nostro processo logistico.<br>Dal momento della produzione alla consegna, ci impegniamo a garantire che ogni passo sia eseguito con la massima precisione. <\/p>\n\n\n\n<p>Ci\u00f2 significa monitorare attentamente la qualit\u00e0 del nostro pellet e ottimizzare le procedure di trasporto per assicurarne l&#8217;integrit\u00e0 durante ogni fase del viaggio verso di te.<\/p>\n\n\n\n<p><strong>La seriet\u00e0 \u00e8 un valore che ci caratterizza. <\/strong><br>Siamo consapevoli dell&#8217;importanza del nostro ruolo nella tua fornitura di pellet, e ci impegniamo a essere un partner affidabile su cui puoi contare. La tua fiducia \u00e8 la nostra priorit\u00e0, e lavoriamo instancabilmente per mantenere standard elevati nella gestione delle consegne e nella tempestivit\u00e0 delle forniture.<\/p>\n\n\n\n<p><strong>La sicurezza \u00e8 la nostra massima priorit\u00e0<\/strong>. <br>Abbiamo implementato rigorosi protocolli di sicurezza in ogni fase del nostro processo logistico, dallo stoccaggio alla consegna. <br>Ci impegniamo a garantire che il nostro pellet arrivi a destinazione in condizioni ottimali e che tutte le operazioni siano eseguite nel rispetto delle normative di sicurezza pi\u00f9 elevate.<\/p>\n\n\n\n<p><strong>Grazie per la tua fiducia nella nostra azienda. <\/strong><br>Siamo determinati a offrirti un servizio di logistica per il pellet che unisce precisione, seriet\u00e0 e massima attenzione alla sicurezza, contribuendo cos\u00ec a soddisfare le tue esigenze in modo completo e affidabile.<\/p>\n\n\n\n<figure class=\"wp-block-image size-full\"><img loading=\"lazy\" decoding=\"async\" width=\"2560\" height=\"1707\" src=\"https:\/\/www.itapellet.it\/wp-content\/uploads\/2024\/04\/WERK-VILSHOFEN-C7-scaled.jpg\" alt=\"\" class=\"wp-image-854\" srcset=\"https:\/\/www.itapellet.it\/wp-content\/uploads\/2024\/04\/WERK-VILSHOFEN-C7-scaled.jpg 2560w, https:\/\/www.itapellet.it\/wp-content\/uploads\/2024\/04\/WERK-VILSHOFEN-C7-300x200.jpg 300w, https:\/\/www.itapellet.it\/wp-content\/uploads\/2024\/04\/WERK-VILSHOFEN-C7-1024x683.jpg 1024w, https:\/\/www.itapellet.it\/wp-content\/uploads\/2024\/04\/WERK-VILSHOFEN-C7-768x512.jpg 768w, https:\/\/www.itapellet.it\/wp-content\/uploads\/2024\/04\/WERK-VILSHOFEN-C7-1536x1024.jpg 1536w, https:\/\/www.itapellet.it\/wp-content\/uploads\/2024\/04\/WERK-VILSHOFEN-C7-2048x1365.jpg 2048w\" sizes=\"auto, (max-width: 2560px) 100vw, 2560px\" \/><\/figure>\n","protected":false},"excerpt":{"rendered":"<p>Desideriamo mettere in evidenza i principi fondamentali che guidano la logistica del nostro pellet: precisione, seriet\u00e0 e un impegno intransigente per la sicurezza. La precisione \u00e8 al centro di ogni fase del nostro processo logistico.Dal momento della produzione alla consegna, ci impegniamo a garantire che ogni passo sia eseguito con la massima precisione. Ci\u00f2 significa [&hellip;]<\/p>\n","protected":false},"author":1,"featured_media":0,"parent":0,"menu_order":0,"comment_status":"closed","ping_status":"closed","template":"","meta":{"footnotes":""},"class_list":["post-460","page","type-page","status-publish","hentry"],"yoast_head":"<!-- This site is optimized with the Yoast SEO plugin v26.9 - https:\/\/yoast.com\/product\/yoast-seo-wordpress\/ -->\n<title>Logistica -<\/title>\n<meta name=\"description\" content=\"logistica efficiente&quot;, &quot;trasporto rapido&quot; e &quot;gestione delle scorte, articoli e blog,localizzate,servizi logistici,markup,\" \/>\n<meta name=\"robots\" content=\"index, follow, max-snippet:-1, max-image-preview:large, max-video-preview:-1\" \/>\n<link rel=\"canonical\" href=\"https:\/\/www.itapellet.it\/index.php\/logistica\/\" \/>\n<meta property=\"og:locale\" content=\"de_DE\" \/>\n<meta property=\"og:type\" content=\"article\" \/>\n<meta property=\"og:title\" content=\"Logistica -\" \/>\n<meta property=\"og:description\" content=\"logistica efficiente&quot;, &quot;trasporto rapido&quot; e &quot;gestione delle scorte, articoli e blog,localizzate,servizi logistici,markup,\" \/>\n<meta property=\"og:url\" content=\"https:\/\/www.itapellet.it\/index.php\/logistica\/\" \/>\n<meta property=\"article:modified_time\" content=\"2024-06-28T10:44:03+00:00\" \/>\n<meta property=\"og:image\" content=\"https:\/\/www.itapellet.it\/wp-content\/uploads\/2024\/04\/WERK-VILSHOFEN-C7-scaled.jpg\" \/>\n<meta name=\"twitter:card\" content=\"summary_large_image\" \/>\n<meta name=\"twitter:label1\" content=\"Gesch\u00e4tzte Lesezeit\" \/>\n\t<meta name=\"twitter:data1\" content=\"2\u00a0Minuten\" \/>\n<script type=\"application\/ld+json\" class=\"yoast-schema-graph\">{\"@context\":\"https:\/\/schema.org\",\"@graph\":[{\"@type\":\"WebPage\",\"@id\":\"https:\/\/www.itapellet.it\/index.php\/logistica\/\",\"url\":\"https:\/\/www.itapellet.it\/index.php\/logistica\/\",\"name\":\"Logistica -\",\"isPartOf\":{\"@id\":\"https:\/\/www.itapellet.it\/#website\"},\"primaryImageOfPage\":{\"@id\":\"https:\/\/www.itapellet.it\/index.php\/logistica\/#primaryimage\"},\"image\":{\"@id\":\"https:\/\/www.itapellet.it\/index.php\/logistica\/#primaryimage\"},\"thumbnailUrl\":\"https:\/\/www.itapellet.it\/wp-content\/uploads\/2024\/04\/WERK-VILSHOFEN-C7-scaled.jpg\",\"datePublished\":\"2024-02-10T18:07:59+00:00\",\"dateModified\":\"2024-06-28T10:44:03+00:00\",\"description\":\"logistica efficiente\\\", \\\"trasporto rapido\\\" e \\\"gestione delle scorte, articoli e blog,localizzate,servizi logistici,markup,\",\"breadcrumb\":{\"@id\":\"https:\/\/www.itapellet.it\/index.php\/logistica\/#breadcrumb\"},\"inLanguage\":\"de\",\"potentialAction\":[{\"@type\":\"ReadAction\",\"target\":[\"https:\/\/www.itapellet.it\/index.php\/logistica\/\"]}]},{\"@type\":\"ImageObject\",\"inLanguage\":\"de\",\"@id\":\"https:\/\/www.itapellet.it\/index.php\/logistica\/#primaryimage\",\"url\":\"https:\/\/www.itapellet.it\/wp-content\/uploads\/2024\/04\/WERK-VILSHOFEN-C7-scaled.jpg\",\"contentUrl\":\"https:\/\/www.itapellet.it\/wp-content\/uploads\/2024\/04\/WERK-VILSHOFEN-C7-scaled.jpg\",\"width\":2560,\"height\":1707},{\"@type\":\"BreadcrumbList\",\"@id\":\"https:\/\/www.itapellet.it\/index.php\/logistica\/#breadcrumb\",\"itemListElement\":[{\"@type\":\"ListItem\",\"position\":1,\"name\":\"Startseite\",\"item\":\"https:\/\/www.itapellet.it\/\"},{\"@type\":\"ListItem\",\"position\":2,\"name\":\"Logistica\"}]},{\"@type\":\"WebSite\",\"@id\":\"https:\/\/www.itapellet.it\/#website\",\"url\":\"https:\/\/www.itapellet.it\/\",\"name\":\"\",\"description\":\"\",\"potentialAction\":[{\"@type\":\"SearchAction\",\"target\":{\"@type\":\"EntryPoint\",\"urlTemplate\":\"https:\/\/www.itapellet.it\/?s={search_term_string}\"},\"query-input\":{\"@type\":\"PropertyValueSpecification\",\"valueRequired\":true,\"valueName\":\"search_term_string\"}}],\"inLanguage\":\"de\"}]}<\/script>\n<!-- \/ Yoast SEO plugin. -->","yoast_head_json":{"title":"Logistica -","description":"logistica efficiente\", \"trasporto rapido\" e \"gestione delle scorte, articoli e blog,localizzate,servizi logistici,markup,","robots":{"index":"index","follow":"follow","max-snippet":"max-snippet:-1","max-image-preview":"max-image-preview:large","max-video-preview":"max-video-preview:-1"},"canonical":"https:\/\/www.itapellet.it\/index.php\/logistica\/","og_locale":"de_DE","og_type":"article","og_title":"Logistica -","og_description":"logistica efficiente\", \"trasporto rapido\" e \"gestione delle scorte, articoli e blog,localizzate,servizi logistici,markup,","og_url":"https:\/\/www.itapellet.it\/index.php\/logistica\/","article_modified_time":"2024-06-28T10:44:03+00:00","og_image":[{"url":"https:\/\/www.itapellet.it\/wp-content\/uploads\/2024\/04\/WERK-VILSHOFEN-C7-scaled.jpg","type":"","width":"","height":""}],"twitter_card":"summary_large_image","twitter_misc":{"Gesch\u00e4tzte Lesezeit":"2\u00a0Minuten"},"schema":{"@context":"https:\/\/schema.org","@graph":[{"@type":"WebPage","@id":"https:\/\/www.itapellet.it\/index.php\/logistica\/","url":"https:\/\/www.itapellet.it\/index.php\/logistica\/","name":"Logistica -","isPartOf":{"@id":"https:\/\/www.itapellet.it\/#website"},"primaryImageOfPage":{"@id":"https:\/\/www.itapellet.it\/index.php\/logistica\/#primaryimage"},"image":{"@id":"https:\/\/www.itapellet.it\/index.php\/logistica\/#primaryimage"},"thumbnailUrl":"https:\/\/www.itapellet.it\/wp-content\/uploads\/2024\/04\/WERK-VILSHOFEN-C7-scaled.jpg","datePublished":"2024-02-10T18:07:59+00:00","dateModified":"2024-06-28T10:44:03+00:00","description":"logistica efficiente\", \"trasporto rapido\" e \"gestione delle scorte, articoli e blog,localizzate,servizi logistici,markup,","breadcrumb":{"@id":"https:\/\/www.itapellet.it\/index.php\/logistica\/#breadcrumb"},"inLanguage":"de","potentialAction":[{"@type":"ReadAction","target":["https:\/\/www.itapellet.it\/index.php\/logistica\/"]}]},{"@type":"ImageObject","inLanguage":"de","@id":"https:\/\/www.itapellet.it\/index.php\/logistica\/#primaryimage","url":"https:\/\/www.itapellet.it\/wp-content\/uploads\/2024\/04\/WERK-VILSHOFEN-C7-scaled.jpg","contentUrl":"https:\/\/www.itapellet.it\/wp-content\/uploads\/2024\/04\/WERK-VILSHOFEN-C7-scaled.jpg","width":2560,"height":1707},{"@type":"BreadcrumbList","@id":"https:\/\/www.itapellet.it\/index.php\/logistica\/#breadcrumb","itemListElement":[{"@type":"ListItem","position":1,"name":"Startseite","item":"https:\/\/www.itapellet.it\/"},{"@type":"ListItem","position":2,"name":"Logistica"}]},{"@type":"WebSite","@id":"https:\/\/www.itapellet.it\/#website","url":"https:\/\/www.itapellet.it\/","name":"","description":"","potentialAction":[{"@type":"SearchAction","target":{"@type":"EntryPoint","urlTemplate":"https:\/\/www.itapellet.it\/?s={search_term_string}"},"query-input":{"@type":"PropertyValueSpecification","valueRequired":true,"valueName":"search_term_string"}}],"inLanguage":"de"}]}},"_links":{"self":[{"href":"https:\/\/www.itapellet.it\/index.php\/wp-json\/wp\/v2\/pages\/460","targetHints":{"allow":["GET"]}}],"collection":[{"href":"https:\/\/www.itapellet.it\/index.php\/wp-json\/wp\/v2\/pages"}],"about":[{"href":"https:\/\/www.itapellet.it\/index.php\/wp-json\/wp\/v2\/types\/page"}],"author":[{"embeddable":true,"href":"https:\/\/www.itapellet.it\/index.php\/wp-json\/wp\/v2\/users\/1"}],"replies":[{"embeddable":true,"href":"https:\/\/www.itapellet.it\/index.php\/wp-json\/wp\/v2\/comments?post=460"}],"version-history":[{"count":24,"href":"https:\/\/www.itapellet.it\/index.php\/wp-json\/wp\/v2\/pages\/460\/revisions"}],"predecessor-version":[{"id":984,"href":"https:\/\/www.itapellet.it\/index.php\/wp-json\/wp\/v2\/pages\/460\/revisions\/984"}],"wp:attachment":[{"href":"https:\/\/www.itapellet.it\/index.php\/wp-json\/wp\/v2\/media?parent=460"}],"curies":[{"name":"wp","href":"https:\/\/api.w.org\/{rel}","templated":true}]}}